{"id":2249,"date":"2024-01-21T04:43:50","date_gmt":"2024-01-21T03:43:50","guid":{"rendered":"https:\/\/www.implantateretten.de\/dental-implants\/"},"modified":"2024-02-09T03:31:24","modified_gmt":"2024-02-09T02:31:24","slug":"dental-implants","status":"publish","type":"page","link":"https:\/\/www.implantateretten.de\/en\/dental-implants\/","title":{"rendered":"Dental implants"},"content":{"rendered":"<p><div class=\"fusion-fullwidth fullwidth-box fusion-builder-row-1 hundred-percent-fullwidth non-hundred-percent-height-scrolling header-leistungen\" style=\"--awb-border-radius-top-left:0px;--awb-border-radius-top-right:0px;--awb-border-radius-bottom-right:0px;--awb-border-radius-bottom-left:0px;--awb-padding-top:0px;--awb-padding-right:0px;--awb-padding-bottom:0px;--awb-padding-left:0px;--awb-margin-top:0px;--awb-margin-bottom:0px;--awb-background-color:#d3d8db;--awb-flex-wrap:wrap;\" ><div class=\"fusion-builder-row fusion-row\"><div class=\"fusion-layout-column fusion_builder_column fusion-builder-column-0 fusion_builder_column_1_1 1_1 fusion-one-full fusion-column-first fusion-column-last\" style=\"--awb-padding-top:400px;--awb-padding-bottom:200px;--awb-bg-position:center top;--awb-bg-size:cover;\" data-scroll-devices=\"small-visibility,medium-visibility,large-visibility\"><div class=\"fusion-column-wrapper lazyload fusion-column-has-shadow fusion-flex-column-wrapper-legacy fusion-column-has-bg-image\" data-bg-url=\"https:\/\/www.implantateretten.de\/wp-content\/uploads\/2019\/09\/shutterstock_567400411-vlad-kochelaevskiy.jpg\" data-bg=\"https:\/\/www.implantateretten.de\/wp-content\/uploads\/2019\/09\/shutterstock_567400411-vlad-kochelaevskiy.jpg\"><div class=\"fusion-title title fusion-title-1 fusion-sep-none fusion-title-center fusion-title-text fusion-title-size-two\" style=\"--awb-text-color:#ffffff;--awb-margin-top-small:0px;--awb-margin-right-small:0px;--awb-margin-bottom-small:20px;--awb-margin-left-small:0px;\"><h2 class=\"fusion-title-heading title-heading-center fusion-responsive-typography-calculated\" style=\"margin:0;--fontSize:35;line-height:1.1;\"><\/h2><\/div><div class=\"fusion-clearfix\"><\/div><\/div><\/div><\/div><\/div><div class=\"fusion-fullwidth fullwidth-box fusion-builder-row-2 has-pattern-background has-mask-background nonhundred-percent-fullwidth non-hundred-percent-height-scrolling\" style=\"--awb-border-radius-top-left:0px;--awb-border-radius-top-right:0px;--awb-border-radius-bottom-right:0px;--awb-border-radius-bottom-left:0px;--awb-margin-top:5%;--awb-flex-wrap:wrap;\" ><div class=\"fusion-builder-row fusion-row\"><div class=\"fusion-layout-column fusion_builder_column fusion-builder-column-1 fusion_builder_column_3_4 3_4 fusion-three-fourth fusion-column-first\" style=\"--awb-bg-size:cover;width:75%;width:calc(75% - ( ( 4% ) * 0.75 ) );margin-right: 4%;\"><div class=\"fusion-column-wrapper fusion-column-has-shadow fusion-flex-column-wrapper-legacy\"><div class=\"fusion-title title fusion-title-2 fusion-sep-none fusion-title-text fusion-title-size-one\" style=\"--awb-margin-top-small:0px;--awb-margin-right-small:0px;--awb-margin-bottom-small:20px;--awb-margin-left-small:0px;\"><h1 class=\"fusion-title-heading title-heading-left fusion-responsive-typography-calculated\" style=\"margin:0;--fontSize:35;line-height:1.1;\">Dental implants<\/h1><\/div><div class=\"fusion-text fusion-text-1\"><p>For many decades, dental implants have been a tried-and-tested treatment method for replacing missing teeth that patients want.<\/p>\n<\/div><div class=\"fusion-clearfix\"><\/div><\/div><\/div><\/div><\/div><div id=\"definition\" class=\"fusion-container-anchor\"><div class=\"fusion-fullwidth fullwidth-box fusion-builder-row-3 has-pattern-background has-mask-background nonhundred-percent-fullwidth non-hundred-percent-height-scrolling\" style=\"--awb-border-radius-top-left:0px;--awb-border-radius-top-right:0px;--awb-border-radius-bottom-right:0px;--awb-border-radius-bottom-left:0px;--awb-margin-top:2%;--awb-flex-wrap:wrap;\" ><div class=\"fusion-builder-row fusion-row\"><div class=\"fusion-layout-column fusion_builder_column fusion-builder-column-2 fusion_builder_column_3_4 3_4 fusion-three-fourth fusion-column-first\" style=\"--awb-bg-size:cover;width:75%;width:calc(75% - ( ( 4% ) * 0.75 ) );margin-right: 4%;\"><div class=\"fusion-column-wrapper fusion-column-has-shadow fusion-flex-column-wrapper-legacy\"><div class=\"fusion-title title fusion-title-3 fusion-sep-none fusion-title-text fusion-title-size-two\" style=\"--awb-margin-top-small:0px;--awb-margin-right-small:0px;--awb-margin-bottom-small:20px;--awb-margin-left-small:0px;\"><h2 class=\"fusion-title-heading title-heading-left fusion-responsive-typography-calculated\" style=\"margin:0;--fontSize:35;line-height:1.1;\">What are dental implants? A definition<\/h2><\/div><div class=\"fusion-text fusion-text-2\"><p>A dental implant is an artificial tooth root that is &#8220;implanted&#8221; into the jawbone in place of a lost or removed tooth root. This implant is usually made of titanium, more rarely of ceramic, and usually has the shape of a screw.<\/p>\n<p>The implant is inserted in an operation under partial or general anesthesia. If the bone substance is not sufficient to anchor the implant stably, there is the option of bone augmentation. A crown, i.e. an artificial tooth, is placed on the implant.<\/p>\n<p>Implantate k\u00f6nnen f\u00fcr einzelne Z\u00e4hne, aber auch f\u00fcr ganze Zahnreihen angefertigt werden. As soon as implants are firmly fused to the bone, they form a good and long-term stable foundation for artificial teeth.<\/p>\n<\/div><div class=\"fusion-clearfix\"><\/div><\/div><\/div><\/div><\/div><\/div><div id=\"optionen\" class=\"fusion-container-anchor\"><div class=\"fusion-fullwidth fullwidth-box fusion-builder-row-4 has-pattern-background has-mask-background nonhundred-percent-fullwidth non-hundred-percent-height-scrolling\" style=\"--awb-border-radius-top-left:0px;--awb-border-radius-top-right:0px;--awb-border-radius-bottom-right:0px;--awb-border-radius-bottom-left:0px;--awb-margin-top:2%;--awb-flex-wrap:wrap;\" ><div class=\"fusion-builder-row fusion-row\"><div class=\"fusion-layout-column fusion_builder_column fusion-builder-column-3 fusion_builder_column_3_4 3_4 fusion-three-fourth fusion-column-first\" style=\"--awb-bg-size:cover;width:75%;width:calc(75% - ( ( 4% ) * 0.75 ) );margin-right: 4%;\"><div class=\"fusion-column-wrapper fusion-column-has-shadow fusion-flex-column-wrapper-legacy\"><div class=\"fusion-title title fusion-title-4 fusion-sep-none fusion-title-text fusion-title-size-two\" style=\"--awb-margin-top-small:0px;--awb-margin-right-small:0px;--awb-margin-bottom-small:20px;--awb-margin-left-small:0px;\"><h2 class=\"fusion-title-heading title-heading-left fusion-responsive-typography-calculated\" style=\"margin:0;--fontSize:35;line-height:1.1;\">What dental implants are available?<\/h2><\/div><div class=\"fusion-text fusion-text-3\"><p>There are one-piece and two-piece implants. One-piece implants are often ceramic implants and carry more risks. The indication for one-piece implants is limited to a few special situations (small tooth gaps). Two-part implants consist of a base that is anchored in the jawbone and a post &#8211; the so-called abutment &#8211; that protrudes from this anchor and to which the crown &#8211; the artificial tooth &#8211; is later attached. The advantage of the two-part implant is that it heals closed and covered with mucous membrane. On the other hand, it has the disadvantage that bacteria can penetrate between the abutment and implant, which can lead to peri-implantitis.<\/p>\n<p>Most dental implants today are made of titanium. Titanium is biologically neutral and non-allergenic.<\/p>\n<p><strong>Ceramic implants<\/strong> made of zirconium oxide are more expensive than titanium implants, are pure white and therefore more aesthetically pleasing. Above all, however, the zirconium oxide has an antibacterial effect and thus prevents the colonization of bacteria, making the outbreak of peri-implantitis more difficult.<\/p>\n<\/div><div class=\"fusion-clearfix\"><\/div><\/div><\/div><\/div><\/div><\/div><div id=\"vorteile\" class=\"fusion-container-anchor\"><div class=\"fusion-fullwidth fullwidth-box fusion-builder-row-5 has-pattern-background has-mask-background nonhundred-percent-fullwidth non-hundred-percent-height-scrolling\" style=\"--awb-border-radius-top-left:0px;--awb-border-radius-top-right:0px;--awb-border-radius-bottom-right:0px;--awb-border-radius-bottom-left:0px;--awb-margin-top:2%;--awb-flex-wrap:wrap;\" ><div class=\"fusion-builder-row fusion-row\"><div class=\"fusion-layout-column fusion_builder_column fusion-builder-column-4 fusion_builder_column_3_4 3_4 fusion-three-fourth fusion-column-first\" style=\"--awb-bg-size:cover;width:75%;width:calc(75% - ( ( 4% ) * 0.75 ) );margin-right: 4%;\"><div class=\"fusion-column-wrapper fusion-column-has-shadow fusion-flex-column-wrapper-legacy\"><div class=\"fusion-title title fusion-title-5 fusion-sep-none fusion-title-text fusion-title-size-two\" style=\"--awb-margin-top-small:0px;--awb-margin-right-small:0px;--awb-margin-bottom-small:20px;--awb-margin-left-small:0px;\"><h2 class=\"fusion-title-heading title-heading-left fusion-responsive-typography-calculated\" style=\"margin:0;--fontSize:35;line-height:1.1;\">Advantages of dental implants<\/h2><\/div><div class=\"fusion-text fusion-text-4\"><p>In principle, dental implants today are a very durable and aesthetically pleasing form of tooth replacement. Disruptive clasps, which not only look unattractive but can also damage neighboring teeth, are no longer necessary, as is the grinding down of previously healthy neighboring teeth. Implants are very resilient, so that lost quality of life can be restored even after the loss of teeth.<\/p>\n<p>An implant with subsequent bone augmentation also stabilizes the atrophied jaw (bone loss) in the long term. In short: if the prerequisites for a dental implant are met, there is a lot to be said for an implant today.<\/p>\n<\/div><div class=\"fusion-clearfix\"><\/div><\/div><\/div><\/div><\/div><\/div><div id=\"risiken\" class=\"fusion-container-anchor\"><div class=\"fusion-fullwidth fullwidth-box fusion-builder-row-6 has-pattern-background has-mask-background nonhundred-percent-fullwidth non-hundred-percent-height-scrolling\" style=\"--awb-border-radius-top-left:0px;--awb-border-radius-top-right:0px;--awb-border-radius-bottom-right:0px;--awb-border-radius-bottom-left:0px;--awb-margin-top:2%;--awb-flex-wrap:wrap;\" ><div class=\"fusion-builder-row fusion-row\"><div class=\"fusion-layout-column fusion_builder_column fusion-builder-column-5 fusion_builder_column_3_4 3_4 fusion-three-fourth fusion-column-first\" style=\"--awb-bg-size:cover;width:75%;width:calc(75% - ( ( 4% ) * 0.75 ) );margin-right: 4%;\"><div class=\"fusion-column-wrapper fusion-column-has-shadow fusion-flex-column-wrapper-legacy\"><div class=\"fusion-title title fusion-title-6 fusion-sep-none fusion-title-text fusion-title-size-two\" style=\"--awb-margin-top-small:0px;--awb-margin-right-small:0px;--awb-margin-bottom-small:20px;--awb-margin-left-small:0px;\"><h2 class=\"fusion-title-heading title-heading-left fusion-responsive-typography-calculated\" style=\"margin:0;--fontSize:35;line-height:1.1;\">Risks of dental implants<\/h2><\/div><div class=\"fusion-text fusion-text-5\"><p>But even modern dental implants placed by well-trained specialists can cause problems.<\/p>\n<ul>\n<li>As with all surgical procedures, complications can occur in exceptional situations during the operation. Above all, tooth roots or neighboring teeth may be injured. This applies all the more if the anatomical conditions were not sufficiently clarified in advance, i.e. too little emphasis was placed on a thorough preliminary examination.<\/li>\n<li>However, depending on the patient&#8217;s physical condition (diabetics, smokers) and oral hygiene, inflammatory reactions and even peri-implantitis or even loss of the implant can occur later on.<\/li>\n<\/ul>\n<p>In any case, there are three things that implant patients must bear in mind:<\/p>\n<ol>\n<li>Before deciding on an implant, inform yourself thoroughly about possible risks and the individual initial conditions (e.g. bone availability).<\/li>\n<li>Find an experienced specialist to insert the implant.<\/li>\n<li>After inserting an implant, follow the rules for optimal oral hygiene and implant care specified by your dentist<\/li>\n<\/ol>\n<\/div><div class=\"fusion-clearfix\"><\/div><\/div><\/div><\/div><\/div><\/div><div id=\"bruch\" class=\"fusion-container-anchor\"><div class=\"fusion-fullwidth fullwidth-box fusion-builder-row-7 has-pattern-background has-mask-background nonhundred-percent-fullwidth non-hundred-percent-height-scrolling\" style=\"--awb-border-radius-top-left:0px;--awb-border-radius-top-right:0px;--awb-border-radius-bottom-right:0px;--awb-border-radius-bottom-left:0px;--awb-margin-top:2%;--awb-flex-wrap:wrap;\" ><div class=\"fusion-builder-row fusion-row\"><div class=\"fusion-layout-column fusion_builder_column fusion-builder-column-6 fusion_builder_column_3_4 3_4 fusion-three-fourth fusion-column-first\" style=\"--awb-bg-size:cover;width:75%;width:calc(75% - ( ( 4% ) * 0.75 ) );margin-right: 4%;\"><div class=\"fusion-column-wrapper fusion-column-has-shadow fusion-flex-column-wrapper-legacy\"><div class=\"fusion-title title fusion-title-7 fusion-sep-none fusion-title-text fusion-title-size-two\" style=\"--awb-margin-top-small:0px;--awb-margin-right-small:0px;--awb-margin-bottom-small:20px;--awb-margin-left-small:0px;\"><h2 class=\"fusion-title-heading title-heading-left fusion-responsive-typography-calculated\" style=\"margin:0;--fontSize:35;line-height:1.1;\">What to do if a dental implant breaks?<\/h2><\/div><div class=\"fusion-text fusion-text-6\"><p>Ceramic implants can break because the jawbone, especially the lower jaw, is flexible and this can cause ceramic implants to break.<\/p>\n<\/div><div class=\"fusion-clearfix\"><\/div><\/div><\/div><\/div><\/div><\/div><\/p>\n","protected":false},"excerpt":{"rendered":"","protected":false},"author":1,"featured_media":0,"parent":0,"menu_order":0,"comment_status":"closed","ping_status":"closed","template":"100-width.php","meta":{"footnotes":""},"class_list":["post-2249","page","type-page","status-publish","hentry"],"yoast_head":"<!-- This site is optimized with the Yoast SEO plugin v27.4 - https:\/\/yoast.com\/product\/yoast-seo-wordpress\/ -->\n<title>Dental implants - Implantate retten - Das Service-Portal f\u00fcr Patienten und Zahn\u00e4rzte<\/title>\n<meta name=\"description\" content=\"Dr. Tigges in R\u00f6srath (implantology specialist\/certified) painlessly inserts implants made of titanium and ceramic into the jaw to replace missing teeth.\" \/>\n<meta name=\"robots\" content=\"noindex, nofollow\" \/>\n<meta property=\"og:locale\" content=\"en_US\" \/>\n<meta property=\"og:type\" content=\"article\" \/>\n<meta property=\"og:title\" content=\"Dental implants - Implantate retten - Das Service-Portal f\u00fcr Patienten und Zahn\u00e4rzte\" \/>\n<meta property=\"og:description\" content=\"Dr. Tigges in R\u00f6srath (implantology specialist\/certified) painlessly inserts implants made of titanium and ceramic into the jaw to replace missing teeth.\" \/>\n<meta property=\"og:url\" content=\"https:\/\/www.implantateretten.de\/en\/dental-implants\/\" \/>\n<meta property=\"og:site_name\" content=\"Implantate retten - Das Service-Portal f\u00fcr Patienten und Zahn\u00e4rzte\" \/>\n<meta property=\"article:modified_time\" content=\"2024-02-09T02:31:24+00:00\" \/>\n<meta name=\"twitter:card\" content=\"summary_large_image\" \/>\n<meta name=\"twitter:label1\" content=\"Est. reading time\" \/>\n\t<meta name=\"twitter:data1\" content=\"34 minutes\" \/>\n<script type=\"application\/ld+json\" class=\"yoast-schema-graph\">{\"@context\":\"https:\\\/\\\/schema.org\",\"@graph\":[{\"@type\":\"WebPage\",\"@id\":\"https:\\\/\\\/www.implantateretten.de\\\/en\\\/dental-implants\\\/\",\"url\":\"https:\\\/\\\/www.implantateretten.de\\\/en\\\/dental-implants\\\/\",\"name\":\"Dental implants - Implantate retten - Das Service-Portal f\u00fcr Patienten und Zahn\u00e4rzte\",\"isPartOf\":{\"@id\":\"https:\\\/\\\/www.implantateretten.de\\\/en\\\/#website\"},\"datePublished\":\"2024-01-21T03:43:50+00:00\",\"dateModified\":\"2024-02-09T02:31:24+00:00\",\"description\":\"Dr. Tigges in R\u00f6srath (implantology specialist\\\/certified) painlessly inserts implants made of titanium and ceramic into the jaw to replace missing teeth.\",\"breadcrumb\":{\"@id\":\"https:\\\/\\\/www.implantateretten.de\\\/en\\\/dental-implants\\\/#breadcrumb\"},\"inLanguage\":\"en-US\",\"potentialAction\":[{\"@type\":\"ReadAction\",\"target\":[\"https:\\\/\\\/www.implantateretten.de\\\/en\\\/dental-implants\\\/\"]}]},{\"@type\":\"BreadcrumbList\",\"@id\":\"https:\\\/\\\/www.implantateretten.de\\\/en\\\/dental-implants\\\/#breadcrumb\",\"itemListElement\":[{\"@type\":\"ListItem\",\"position\":1,\"name\":\"Startseite\",\"item\":\"https:\\\/\\\/www.implantateretten.de\\\/en\\\/implant-rescue\\\/\"},{\"@type\":\"ListItem\",\"position\":2,\"name\":\"Dental implants\"}]},{\"@type\":\"WebSite\",\"@id\":\"https:\\\/\\\/www.implantateretten.de\\\/en\\\/#website\",\"url\":\"https:\\\/\\\/www.implantateretten.de\\\/en\\\/\",\"name\":\"Implantate retten - Das Service-Portal f\u00fcr Deutschland\",\"description\":\"\",\"publisher\":{\"@id\":\"https:\\\/\\\/www.implantateretten.de\\\/en\\\/#organization\"},\"potentialAction\":[{\"@type\":\"SearchAction\",\"target\":{\"@type\":\"EntryPoint\",\"urlTemplate\":\"https:\\\/\\\/www.implantateretten.de\\\/en\\\/?s={search_term_string}\"},\"query-input\":{\"@type\":\"PropertyValueSpecification\",\"valueRequired\":true,\"valueName\":\"search_term_string\"}}],\"inLanguage\":\"en-US\"},{\"@type\":\"Organization\",\"@id\":\"https:\\\/\\\/www.implantateretten.de\\\/en\\\/#organization\",\"name\":\"Implantate retten - Das Service-Portal f\u00fcr Deutschland\",\"url\":\"https:\\\/\\\/www.implantateretten.de\\\/en\\\/\",\"logo\":{\"@type\":\"ImageObject\",\"inLanguage\":\"en-US\",\"@id\":\"https:\\\/\\\/www.implantateretten.de\\\/en\\\/#\\\/schema\\\/logo\\\/image\\\/\",\"url\":\"https:\\\/\\\/www.implantateretten.de\\\/wp-content\\\/uploads\\\/2023\\\/12\\\/implantate-retten-logo2x.png\",\"contentUrl\":\"https:\\\/\\\/www.implantateretten.de\\\/wp-content\\\/uploads\\\/2023\\\/12\\\/implantate-retten-logo2x.png\",\"width\":525,\"height\":150,\"caption\":\"Implantate retten - Das Service-Portal f\u00fcr Deutschland\"},\"image\":{\"@id\":\"https:\\\/\\\/www.implantateretten.de\\\/en\\\/#\\\/schema\\\/logo\\\/image\\\/\"}}]}<\/script>\n<!-- \/ Yoast SEO plugin. -->","yoast_head_json":{"title":"Dental implants - Implantate retten - Das Service-Portal f\u00fcr Patienten und Zahn\u00e4rzte","description":"Dr. Tigges in R\u00f6srath (implantology specialist\/certified) painlessly inserts implants made of titanium and ceramic into the jaw to replace missing teeth.","robots":{"index":"noindex","follow":"nofollow"},"og_locale":"en_US","og_type":"article","og_title":"Dental implants - Implantate retten - Das Service-Portal f\u00fcr Patienten und Zahn\u00e4rzte","og_description":"Dr. Tigges in R\u00f6srath (implantology specialist\/certified) painlessly inserts implants made of titanium and ceramic into the jaw to replace missing teeth.","og_url":"https:\/\/www.implantateretten.de\/en\/dental-implants\/","og_site_name":"Implantate retten - Das Service-Portal f\u00fcr Patienten und Zahn\u00e4rzte","article_modified_time":"2024-02-09T02:31:24+00:00","twitter_card":"summary_large_image","twitter_misc":{"Est. reading time":"34 minutes"},"schema":{"@context":"https:\/\/schema.org","@graph":[{"@type":"WebPage","@id":"https:\/\/www.implantateretten.de\/en\/dental-implants\/","url":"https:\/\/www.implantateretten.de\/en\/dental-implants\/","name":"Dental implants - Implantate retten - Das Service-Portal f\u00fcr Patienten und Zahn\u00e4rzte","isPartOf":{"@id":"https:\/\/www.implantateretten.de\/en\/#website"},"datePublished":"2024-01-21T03:43:50+00:00","dateModified":"2024-02-09T02:31:24+00:00","description":"Dr. Tigges in R\u00f6srath (implantology specialist\/certified) painlessly inserts implants made of titanium and ceramic into the jaw to replace missing teeth.","breadcrumb":{"@id":"https:\/\/www.implantateretten.de\/en\/dental-implants\/#breadcrumb"},"inLanguage":"en-US","potentialAction":[{"@type":"ReadAction","target":["https:\/\/www.implantateretten.de\/en\/dental-implants\/"]}]},{"@type":"BreadcrumbList","@id":"https:\/\/www.implantateretten.de\/en\/dental-implants\/#breadcrumb","itemListElement":[{"@type":"ListItem","position":1,"name":"Startseite","item":"https:\/\/www.implantateretten.de\/en\/implant-rescue\/"},{"@type":"ListItem","position":2,"name":"Dental implants"}]},{"@type":"WebSite","@id":"https:\/\/www.implantateretten.de\/en\/#website","url":"https:\/\/www.implantateretten.de\/en\/","name":"Implantate retten - Das Service-Portal f\u00fcr Deutschland","description":"","publisher":{"@id":"https:\/\/www.implantateretten.de\/en\/#organization"},"potentialAction":[{"@type":"SearchAction","target":{"@type":"EntryPoint","urlTemplate":"https:\/\/www.implantateretten.de\/en\/?s={search_term_string}"},"query-input":{"@type":"PropertyValueSpecification","valueRequired":true,"valueName":"search_term_string"}}],"inLanguage":"en-US"},{"@type":"Organization","@id":"https:\/\/www.implantateretten.de\/en\/#organization","name":"Implantate retten - Das Service-Portal f\u00fcr Deutschland","url":"https:\/\/www.implantateretten.de\/en\/","logo":{"@type":"ImageObject","inLanguage":"en-US","@id":"https:\/\/www.implantateretten.de\/en\/#\/schema\/logo\/image\/","url":"https:\/\/www.implantateretten.de\/wp-content\/uploads\/2023\/12\/implantate-retten-logo2x.png","contentUrl":"https:\/\/www.implantateretten.de\/wp-content\/uploads\/2023\/12\/implantate-retten-logo2x.png","width":525,"height":150,"caption":"Implantate retten - Das Service-Portal f\u00fcr Deutschland"},"image":{"@id":"https:\/\/www.implantateretten.de\/en\/#\/schema\/logo\/image\/"}}]}},"_links":{"self":[{"href":"https:\/\/www.implantateretten.de\/en\/wp-json\/wp\/v2\/pages\/2249","targetHints":{"allow":["GET"]}}],"collection":[{"href":"https:\/\/www.implantateretten.de\/en\/wp-json\/wp\/v2\/pages"}],"about":[{"href":"https:\/\/www.implantateretten.de\/en\/wp-json\/wp\/v2\/types\/page"}],"author":[{"embeddable":true,"href":"https:\/\/www.implantateretten.de\/en\/wp-json\/wp\/v2\/users\/1"}],"replies":[{"embeddable":true,"href":"https:\/\/www.implantateretten.de\/en\/wp-json\/wp\/v2\/comments?post=2249"}],"version-history":[{"count":2,"href":"https:\/\/www.implantateretten.de\/en\/wp-json\/wp\/v2\/pages\/2249\/revisions"}],"predecessor-version":[{"id":2251,"href":"https:\/\/www.implantateretten.de\/en\/wp-json\/wp\/v2\/pages\/2249\/revisions\/2251"}],"wp:attachment":[{"href":"https:\/\/www.implantateretten.de\/en\/wp-json\/wp\/v2\/media?parent=2249"}],"curies":[{"name":"wp","href":"https:\/\/api.w.org\/{rel}","templated":true}]}}