{"id":2252,"date":"2024-01-21T04:53:25","date_gmt":"2024-01-21T03:53:25","guid":{"rendered":"https:\/\/www.implantateretten.de\/implant-care\/"},"modified":"2024-02-09T03:43:10","modified_gmt":"2024-02-09T02:43:10","slug":"implant-care","status":"publish","type":"page","link":"https:\/\/www.implantateretten.de\/en\/implant-care\/","title":{"rendered":"Implant care"},"content":{"rendered":"<p><div class=\"fusion-fullwidth fullwidth-box fusion-builder-row-1 hundred-percent-fullwidth non-hundred-percent-height-scrolling header-leistungen\" style=\"--awb-border-radius-top-left:0px;--awb-border-radius-top-right:0px;--awb-border-radius-bottom-right:0px;--awb-border-radius-bottom-left:0px;--awb-padding-top:0px;--awb-padding-right:0px;--awb-padding-bottom:0px;--awb-padding-left:0px;--awb-margin-top:0px;--awb-margin-bottom:0px;--awb-background-color:#d3d8db;--awb-flex-wrap:wrap;\" ><div class=\"fusion-builder-row fusion-row\"><div class=\"fusion-layout-column fusion_builder_column fusion-builder-column-0 fusion_builder_column_1_1 1_1 fusion-one-full fusion-column-first fusion-column-last\" style=\"--awb-padding-top:400px;--awb-padding-bottom:200px;--awb-bg-position:center top;--awb-bg-size:cover;\" data-scroll-devices=\"small-visibility,medium-visibility,large-visibility\"><div class=\"fusion-column-wrapper lazyload fusion-column-has-shadow fusion-flex-column-wrapper-legacy fusion-column-has-bg-image\" data-bg-url=\"https:\/\/www.implantateretten.de\/wp-content\/uploads\/2019\/09\/shutterstock_567400411-vlad-kochelaevskiy.jpg\" data-bg=\"https:\/\/www.implantateretten.de\/wp-content\/uploads\/2019\/09\/shutterstock_567400411-vlad-kochelaevskiy.jpg\"><div class=\"fusion-title title fusion-title-1 fusion-sep-none fusion-title-center fusion-title-text fusion-title-size-two\" style=\"--awb-text-color:#ffffff;--awb-margin-top-small:0px;--awb-margin-right-small:0px;--awb-margin-bottom-small:20px;--awb-margin-left-small:0px;\"><h2 class=\"fusion-title-heading title-heading-center fusion-responsive-typography-calculated\" style=\"margin:0;--fontSize:35;line-height:1.1;\"><\/h2><\/div><div class=\"fusion-clearfix\"><\/div><\/div><\/div><\/div><\/div><div class=\"fusion-fullwidth fullwidth-box fusion-builder-row-2 has-pattern-background has-mask-background nonhundred-percent-fullwidth non-hundred-percent-height-scrolling\" style=\"--awb-border-radius-top-left:0px;--awb-border-radius-top-right:0px;--awb-border-radius-bottom-right:0px;--awb-border-radius-bottom-left:0px;--awb-margin-top:5%;--awb-flex-wrap:wrap;\" ><div class=\"fusion-builder-row fusion-row\"><div class=\"fusion-layout-column fusion_builder_column fusion-builder-column-1 fusion_builder_column_3_4 3_4 fusion-three-fourth fusion-column-first\" style=\"--awb-bg-size:cover;width:75%;width:calc(75% - ( ( 4% ) * 0.75 ) );margin-right: 4%;\"><div class=\"fusion-column-wrapper fusion-column-has-shadow fusion-flex-column-wrapper-legacy\"><div class=\"fusion-title title fusion-title-2 fusion-sep-none fusion-title-text fusion-title-size-one\" style=\"--awb-margin-top-small:0px;--awb-margin-right-small:0px;--awb-margin-bottom-small:20px;--awb-margin-left-small:0px;\"><h1 class=\"fusion-title-heading title-heading-left fusion-responsive-typography-calculated\" style=\"margin:0;--fontSize:35;line-height:1.1;\">Implant care<\/h1><\/div><div class=\"fusion-text fusion-text-1\"><p>First things first: brushing your teeth is good and important, but not enough. And good dental hygiene is essential, but dental hygiene and implant hygiene are two different things.<\/p>\n<\/div><div class=\"fusion-clearfix\"><\/div><\/div><\/div><\/div><\/div><div id=\"pflege\" class=\"fusion-container-anchor\"><div class=\"fusion-fullwidth fullwidth-box fusion-builder-row-3 has-pattern-background has-mask-background nonhundred-percent-fullwidth non-hundred-percent-height-scrolling\" style=\"--awb-border-radius-top-left:0px;--awb-border-radius-top-right:0px;--awb-border-radius-bottom-right:0px;--awb-border-radius-bottom-left:0px;--awb-margin-top:2%;--awb-flex-wrap:wrap;\" ><div class=\"fusion-builder-row fusion-row\"><div class=\"fusion-layout-column fusion_builder_column fusion-builder-column-2 fusion_builder_column_3_4 3_4 fusion-three-fourth fusion-column-first\" style=\"--awb-bg-size:cover;width:75%;width:calc(75% - ( ( 4% ) * 0.75 ) );margin-right: 4%;\"><div class=\"fusion-column-wrapper fusion-column-has-shadow fusion-flex-column-wrapper-legacy\"><div class=\"fusion-title title fusion-title-3 fusion-sep-none fusion-title-text fusion-title-size-two\" style=\"--awb-margin-top-small:0px;--awb-margin-right-small:0px;--awb-margin-bottom-small:20px;--awb-margin-left-small:0px;\"><h2 class=\"fusion-title-heading title-heading-left fusion-responsive-typography-calculated\" style=\"margin:0;--fontSize:35;line-height:1.1;\">How do I care for dental implants?<\/h2><\/div><div class=\"fusion-text fusion-text-2\"><p>Dental implants require extended hygiene. There is a simple reason for this: real teeth and gums lie directly next to each other. Both are closely interwoven with special fibers. Normally, there is no space in between. However, bacteria can colonize between the implant and the gums or bone and lead to inflammation or peri-implantitis. This must be avoided at all costs through good oral and dental hygiene. The following measures are therefore important:<\/p>\n<ol>\n<li>Clean your teeth thoroughly with a toothbrush at least twice a day.<\/li>\n<li>Clean the interdental spaces daily with &#8211; unwaxed &#8211; dental floss.<\/li>\n<li>For large interdental spaces, an interdental brush should be used in addition to dental floss.<\/li>\n<li>Regular peri-implantitis prophylaxis by your dentist includes professional teeth cleaning. Normally, a six-monthly cycle applies, but this can also be much shorter depending on the individual hygiene situation of the oral cavity. During a professional cleaning, dental plaque is usually removed using a powder jet device or ultrasound. A type of &#8220;sandblaster&#8221; is used here, although the fine, warm cleaning jet does not contain sand but a salt mixture.<\/li>\n<li>Smoking should be avoided completely. Smoking is one of the most dangerous causes of peri-implantitis in implant wearers.<\/li>\n<\/ol>\n<\/div><div class=\"fusion-clearfix\"><\/div><\/div><\/div><\/div><\/div><\/div><\/p>\n","protected":false},"excerpt":{"rendered":"","protected":false},"author":1,"featured_media":0,"parent":0,"menu_order":0,"comment_status":"closed","ping_status":"closed","template":"100-width.php","meta":{"footnotes":""},"class_list":["post-2252","page","type-page","status-publish","hentry"],"yoast_head":"<!-- This site is optimized with the Yoast SEO plugin v27.3 - https:\/\/yoast.com\/product\/yoast-seo-wordpress\/ -->\n<title>Implant care - Implantate retten - Das Service-Portal f\u00fcr Patienten und Zahn\u00e4rzte<\/title>\n<meta name=\"description\" content=\"Dr. Tigges in R\u00f6srath (implantology specialist\/certified) painlessly inserts implants made of titanium and ceramic into the jaw to replace missing teeth.\" \/>\n<meta name=\"robots\" content=\"noindex, nofollow\" \/>\n<meta property=\"og:locale\" content=\"en_US\" \/>\n<meta property=\"og:type\" content=\"article\" \/>\n<meta property=\"og:title\" content=\"Implant care - Implantate retten - Das Service-Portal f\u00fcr Patienten und Zahn\u00e4rzte\" \/>\n<meta property=\"og:description\" content=\"Dr. Tigges in R\u00f6srath (implantology specialist\/certified) painlessly inserts implants made of titanium and ceramic into the jaw to replace missing teeth.\" \/>\n<meta property=\"og:url\" content=\"https:\/\/www.implantateretten.de\/en\/implant-care\/\" \/>\n<meta property=\"og:site_name\" content=\"Implantate retten - Das Service-Portal f\u00fcr Patienten und Zahn\u00e4rzte\" \/>\n<meta property=\"article:modified_time\" content=\"2024-02-09T02:43:10+00:00\" \/>\n<meta name=\"twitter:card\" content=\"summary_large_image\" \/>\n<meta name=\"twitter:label1\" content=\"Est. reading time\" \/>\n\t<meta name=\"twitter:data1\" content=\"14 minutes\" \/>\n<script type=\"application\/ld+json\" class=\"yoast-schema-graph\">{\"@context\":\"https:\\\/\\\/schema.org\",\"@graph\":[{\"@type\":\"WebPage\",\"@id\":\"https:\\\/\\\/www.implantateretten.de\\\/en\\\/implant-care\\\/\",\"url\":\"https:\\\/\\\/www.implantateretten.de\\\/en\\\/implant-care\\\/\",\"name\":\"Implant care - Implantate retten - Das Service-Portal f\u00fcr Patienten und Zahn\u00e4rzte\",\"isPartOf\":{\"@id\":\"https:\\\/\\\/www.implantateretten.de\\\/en\\\/#website\"},\"datePublished\":\"2024-01-21T03:53:25+00:00\",\"dateModified\":\"2024-02-09T02:43:10+00:00\",\"description\":\"Dr. Tigges in R\u00f6srath (implantology specialist\\\/certified) painlessly inserts implants made of titanium and ceramic into the jaw to replace missing teeth.\",\"breadcrumb\":{\"@id\":\"https:\\\/\\\/www.implantateretten.de\\\/en\\\/implant-care\\\/#breadcrumb\"},\"inLanguage\":\"en-US\",\"potentialAction\":[{\"@type\":\"ReadAction\",\"target\":[\"https:\\\/\\\/www.implantateretten.de\\\/en\\\/implant-care\\\/\"]}]},{\"@type\":\"BreadcrumbList\",\"@id\":\"https:\\\/\\\/www.implantateretten.de\\\/en\\\/implant-care\\\/#breadcrumb\",\"itemListElement\":[{\"@type\":\"ListItem\",\"position\":1,\"name\":\"Startseite\",\"item\":\"https:\\\/\\\/www.implantateretten.de\\\/en\\\/implant-rescue\\\/\"},{\"@type\":\"ListItem\",\"position\":2,\"name\":\"Implant care\"}]},{\"@type\":\"WebSite\",\"@id\":\"https:\\\/\\\/www.implantateretten.de\\\/en\\\/#website\",\"url\":\"https:\\\/\\\/www.implantateretten.de\\\/en\\\/\",\"name\":\"Implantate retten - Das Service-Portal f\u00fcr Deutschland\",\"description\":\"\",\"publisher\":{\"@id\":\"https:\\\/\\\/www.implantateretten.de\\\/en\\\/#organization\"},\"potentialAction\":[{\"@type\":\"SearchAction\",\"target\":{\"@type\":\"EntryPoint\",\"urlTemplate\":\"https:\\\/\\\/www.implantateretten.de\\\/en\\\/?s={search_term_string}\"},\"query-input\":{\"@type\":\"PropertyValueSpecification\",\"valueRequired\":true,\"valueName\":\"search_term_string\"}}],\"inLanguage\":\"en-US\"},{\"@type\":\"Organization\",\"@id\":\"https:\\\/\\\/www.implantateretten.de\\\/en\\\/#organization\",\"name\":\"Implantate retten - Das Service-Portal f\u00fcr Deutschland\",\"url\":\"https:\\\/\\\/www.implantateretten.de\\\/en\\\/\",\"logo\":{\"@type\":\"ImageObject\",\"inLanguage\":\"en-US\",\"@id\":\"https:\\\/\\\/www.implantateretten.de\\\/en\\\/#\\\/schema\\\/logo\\\/image\\\/\",\"url\":\"https:\\\/\\\/www.implantateretten.de\\\/wp-content\\\/uploads\\\/2023\\\/12\\\/implantate-retten-logo2x.png\",\"contentUrl\":\"https:\\\/\\\/www.implantateretten.de\\\/wp-content\\\/uploads\\\/2023\\\/12\\\/implantate-retten-logo2x.png\",\"width\":525,\"height\":150,\"caption\":\"Implantate retten - Das Service-Portal f\u00fcr Deutschland\"},\"image\":{\"@id\":\"https:\\\/\\\/www.implantateretten.de\\\/en\\\/#\\\/schema\\\/logo\\\/image\\\/\"}}]}<\/script>\n<!-- \/ Yoast SEO plugin. -->","yoast_head_json":{"title":"Implant care - Implantate retten - Das Service-Portal f\u00fcr Patienten und Zahn\u00e4rzte","description":"Dr. Tigges in R\u00f6srath (implantology specialist\/certified) painlessly inserts implants made of titanium and ceramic into the jaw to replace missing teeth.","robots":{"index":"noindex","follow":"nofollow"},"og_locale":"en_US","og_type":"article","og_title":"Implant care - Implantate retten - Das Service-Portal f\u00fcr Patienten und Zahn\u00e4rzte","og_description":"Dr. Tigges in R\u00f6srath (implantology specialist\/certified) painlessly inserts implants made of titanium and ceramic into the jaw to replace missing teeth.","og_url":"https:\/\/www.implantateretten.de\/en\/implant-care\/","og_site_name":"Implantate retten - Das Service-Portal f\u00fcr Patienten und Zahn\u00e4rzte","article_modified_time":"2024-02-09T02:43:10+00:00","twitter_card":"summary_large_image","twitter_misc":{"Est. reading time":"14 minutes"},"schema":{"@context":"https:\/\/schema.org","@graph":[{"@type":"WebPage","@id":"https:\/\/www.implantateretten.de\/en\/implant-care\/","url":"https:\/\/www.implantateretten.de\/en\/implant-care\/","name":"Implant care - Implantate retten - Das Service-Portal f\u00fcr Patienten und Zahn\u00e4rzte","isPartOf":{"@id":"https:\/\/www.implantateretten.de\/en\/#website"},"datePublished":"2024-01-21T03:53:25+00:00","dateModified":"2024-02-09T02:43:10+00:00","description":"Dr. Tigges in R\u00f6srath (implantology specialist\/certified) painlessly inserts implants made of titanium and ceramic into the jaw to replace missing teeth.","breadcrumb":{"@id":"https:\/\/www.implantateretten.de\/en\/implant-care\/#breadcrumb"},"inLanguage":"en-US","potentialAction":[{"@type":"ReadAction","target":["https:\/\/www.implantateretten.de\/en\/implant-care\/"]}]},{"@type":"BreadcrumbList","@id":"https:\/\/www.implantateretten.de\/en\/implant-care\/#breadcrumb","itemListElement":[{"@type":"ListItem","position":1,"name":"Startseite","item":"https:\/\/www.implantateretten.de\/en\/implant-rescue\/"},{"@type":"ListItem","position":2,"name":"Implant care"}]},{"@type":"WebSite","@id":"https:\/\/www.implantateretten.de\/en\/#website","url":"https:\/\/www.implantateretten.de\/en\/","name":"Implantate retten - Das Service-Portal f\u00fcr Deutschland","description":"","publisher":{"@id":"https:\/\/www.implantateretten.de\/en\/#organization"},"potentialAction":[{"@type":"SearchAction","target":{"@type":"EntryPoint","urlTemplate":"https:\/\/www.implantateretten.de\/en\/?s={search_term_string}"},"query-input":{"@type":"PropertyValueSpecification","valueRequired":true,"valueName":"search_term_string"}}],"inLanguage":"en-US"},{"@type":"Organization","@id":"https:\/\/www.implantateretten.de\/en\/#organization","name":"Implantate retten - Das Service-Portal f\u00fcr Deutschland","url":"https:\/\/www.implantateretten.de\/en\/","logo":{"@type":"ImageObject","inLanguage":"en-US","@id":"https:\/\/www.implantateretten.de\/en\/#\/schema\/logo\/image\/","url":"https:\/\/www.implantateretten.de\/wp-content\/uploads\/2023\/12\/implantate-retten-logo2x.png","contentUrl":"https:\/\/www.implantateretten.de\/wp-content\/uploads\/2023\/12\/implantate-retten-logo2x.png","width":525,"height":150,"caption":"Implantate retten - Das Service-Portal f\u00fcr Deutschland"},"image":{"@id":"https:\/\/www.implantateretten.de\/en\/#\/schema\/logo\/image\/"}}]}},"_links":{"self":[{"href":"https:\/\/www.implantateretten.de\/en\/wp-json\/wp\/v2\/pages\/2252","targetHints":{"allow":["GET"]}}],"collection":[{"href":"https:\/\/www.implantateretten.de\/en\/wp-json\/wp\/v2\/pages"}],"about":[{"href":"https:\/\/www.implantateretten.de\/en\/wp-json\/wp\/v2\/types\/page"}],"author":[{"embeddable":true,"href":"https:\/\/www.implantateretten.de\/en\/wp-json\/wp\/v2\/users\/1"}],"replies":[{"embeddable":true,"href":"https:\/\/www.implantateretten.de\/en\/wp-json\/wp\/v2\/comments?post=2252"}],"version-history":[{"count":2,"href":"https:\/\/www.implantateretten.de\/en\/wp-json\/wp\/v2\/pages\/2252\/revisions"}],"predecessor-version":[{"id":2254,"href":"https:\/\/www.implantateretten.de\/en\/wp-json\/wp\/v2\/pages\/2252\/revisions\/2254"}],"wp:attachment":[{"href":"https:\/\/www.implantateretten.de\/en\/wp-json\/wp\/v2\/media?parent=2252"}],"curies":[{"name":"wp","href":"https:\/\/api.w.org\/{rel}","templated":true}]}}