{"id":2255,"date":"2024-01-21T04:52:43","date_gmt":"2024-01-21T03:52:43","guid":{"rendered":"https:\/\/www.implantateretten.de\/peri-implantitis\/"},"modified":"2024-02-09T03:50:56","modified_gmt":"2024-02-09T02:50:56","slug":"peri-implantitis","status":"publish","type":"page","link":"https:\/\/www.implantateretten.de\/en\/peri-implantitis\/","title":{"rendered":"Peri-implantitis"},"content":{"rendered":"<p><div class=\"fusion-fullwidth fullwidth-box fusion-builder-row-1 hundred-percent-fullwidth non-hundred-percent-height-scrolling header-leistungen\" style=\"--awb-border-radius-top-left:0px;--awb-border-radius-top-right:0px;--awb-border-radius-bottom-right:0px;--awb-border-radius-bottom-left:0px;--awb-padding-top:0px;--awb-padding-right:0px;--awb-padding-bottom:0px;--awb-padding-left:0px;--awb-margin-top:0px;--awb-margin-bottom:0px;--awb-background-color:#d3d8db;--awb-flex-wrap:wrap;\" ><div class=\"fusion-builder-row fusion-row\"><div class=\"fusion-layout-column fusion_builder_column fusion-builder-column-0 fusion_builder_column_1_1 1_1 fusion-one-full fusion-column-first fusion-column-last\" style=\"--awb-padding-top:400px;--awb-padding-bottom:200px;--awb-bg-position:center top;--awb-bg-size:cover;\" data-scroll-devices=\"small-visibility,medium-visibility,large-visibility\"><div class=\"fusion-column-wrapper lazyload fusion-column-has-shadow fusion-flex-column-wrapper-legacy fusion-column-has-bg-image\" data-bg-url=\"https:\/\/www.implantateretten.de\/wp-content\/uploads\/2019\/09\/shutterstock_567400411-vlad-kochelaevskiy.jpg\" data-bg=\"https:\/\/www.implantateretten.de\/wp-content\/uploads\/2019\/09\/shutterstock_567400411-vlad-kochelaevskiy.jpg\"><div class=\"fusion-title title fusion-title-1 fusion-sep-none fusion-title-center fusion-title-text fusion-title-size-two\" style=\"--awb-text-color:#ffffff;--awb-margin-top-small:0px;--awb-margin-right-small:0px;--awb-margin-bottom-small:20px;--awb-margin-left-small:0px;\"><h2 class=\"fusion-title-heading title-heading-center fusion-responsive-typography-calculated\" style=\"margin:0;--fontSize:35;line-height:1.1;\"><\/h2><\/div><div class=\"fusion-clearfix\"><\/div><\/div><\/div><\/div><\/div><div class=\"fusion-fullwidth fullwidth-box fusion-builder-row-2 has-pattern-background has-mask-background nonhundred-percent-fullwidth non-hundred-percent-height-scrolling\" style=\"--awb-border-radius-top-left:0px;--awb-border-radius-top-right:0px;--awb-border-radius-bottom-right:0px;--awb-border-radius-bottom-left:0px;--awb-margin-top:5%;--awb-flex-wrap:wrap;\" ><div class=\"fusion-builder-row fusion-row\"><div class=\"fusion-layout-column fusion_builder_column fusion-builder-column-1 fusion_builder_column_3_4 3_4 fusion-three-fourth fusion-column-first\" style=\"--awb-bg-size:cover;width:75%;width:calc(75% - ( ( 4% ) * 0.75 ) );margin-right: 4%;\"><div class=\"fusion-column-wrapper fusion-column-has-shadow fusion-flex-column-wrapper-legacy\"><div class=\"fusion-title title fusion-title-2 fusion-sep-none fusion-title-text fusion-title-size-one\" style=\"--awb-margin-top-small:0px;--awb-margin-right-small:0px;--awb-margin-bottom-small:20px;--awb-margin-left-small:0px;\"><h1 class=\"fusion-title-heading title-heading-left fusion-responsive-typography-calculated\" style=\"margin:0;--fontSize:35;line-height:1.1;\">Peri-implantitis<\/h1><\/div><div class=\"fusion-text fusion-text-1\"><p>Just as the gums around a tooth can become inflamed and then develop into periodontitis, this inflammation can also occur at the implant. This is referred to as peri-implantitis.<\/p>\n<\/div><div class=\"fusion-clearfix\"><\/div><\/div><\/div><\/div><\/div><div id=\"definition\" class=\"fusion-container-anchor\"><div class=\"fusion-fullwidth fullwidth-box fusion-builder-row-3 has-pattern-background has-mask-background nonhundred-percent-fullwidth non-hundred-percent-height-scrolling\" style=\"--awb-border-radius-top-left:0px;--awb-border-radius-top-right:0px;--awb-border-radius-bottom-right:0px;--awb-border-radius-bottom-left:0px;--awb-margin-top:2%;--awb-flex-wrap:wrap;\" ><div class=\"fusion-builder-row fusion-row\"><div class=\"fusion-layout-column fusion_builder_column fusion-builder-column-2 fusion_builder_column_3_4 3_4 fusion-three-fourth fusion-column-first\" style=\"--awb-bg-size:cover;width:75%;width:calc(75% - ( ( 4% ) * 0.75 ) );margin-right: 4%;\"><div class=\"fusion-column-wrapper fusion-column-has-shadow fusion-flex-column-wrapper-legacy\"><div class=\"fusion-title title fusion-title-3 fusion-sep-none fusion-title-text fusion-title-size-two\" style=\"--awb-margin-top-small:0px;--awb-margin-right-small:0px;--awb-margin-bottom-small:20px;--awb-margin-left-small:0px;\"><h2 class=\"fusion-title-heading title-heading-left fusion-responsive-typography-calculated\" style=\"margin:0;--fontSize:35;line-height:1.1;\">Peri-implantitis &#8211; a definition<\/h2><\/div><div class=\"fusion-text fusion-text-2\"><p><strong>Peri-implantitis<\/strong> is an advanced inflammation of the gums in the area of a dental implant that can spread to the jawbone. A closer look reveals a slimy layer, formerly known as plaque, which we now call a biofilm. The biofilm is a complex of polysaccharides and proteins produced by the bacteria that is so dense that neither the immune system nor an antibiotic can have a sufficient effect.<\/p>\n<p>If the inflammation is only at the gum line and on the smooth surfaces of the implant, it is referred to as <strong>mucositis<\/strong>. This can still be treated well with special ultrasound systems and powder jet methods.<\/p>\n<\/div><div class=\"fusion-clearfix\"><\/div><\/div><\/div><\/div><\/div><\/div><div class=\"fusion-fullwidth fullwidth-box fusion-builder-row-4 has-pattern-background has-mask-background nonhundred-percent-fullwidth non-hundred-percent-height-scrolling\" style=\"--awb-border-radius-top-left:0px;--awb-border-radius-top-right:0px;--awb-border-radius-bottom-right:0px;--awb-border-radius-bottom-left:0px;--awb-margin-top:2%;--awb-flex-wrap:wrap;\" ><div class=\"fusion-builder-row fusion-row\"><div class=\"fusion-layout-column fusion_builder_column fusion-builder-column-3 fusion_builder_column_3_4 3_4 fusion-three-fourth fusion-column-first\" style=\"--awb-bg-size:cover;width:75%;width:calc(75% - ( ( 4% ) * 0.75 ) );margin-right: 4%;\"><div class=\"fusion-column-wrapper fusion-column-has-shadow fusion-flex-column-wrapper-legacy\"><div class=\"fusion-title title fusion-title-4 fusion-sep-none fusion-title-text fusion-title-size-two\" style=\"--awb-margin-top-small:0px;--awb-margin-right-small:0px;--awb-margin-bottom-small:20px;--awb-margin-left-small:0px;\"><h2 class=\"fusion-title-heading title-heading-left fusion-responsive-typography-calculated\" style=\"margin:0;--fontSize:35;line-height:1.1;\">How can you recognize peri-implantitis?<\/h2><\/div><div class=\"fusion-text fusion-text-3\"><p>In the early stages, this is referred to as mucositis. This presents as a red-purple discoloration of the gums with swelling and bleeding. If nothing is done here, the mucositis develops into peri-implantitis. I.e. increased bleeding, bone loss, pus discharge. The threads of the implant become visible and then the first pain occurs. Bone loss can cause the implant to loosen.<\/p>\n<\/div><div class=\"fusion-clearfix\"><\/div><\/div><\/div><\/div><\/div><div class=\"fusion-fullwidth fullwidth-box fusion-builder-row-5 has-pattern-background has-mask-background nonhundred-percent-fullwidth non-hundred-percent-height-scrolling\" style=\"--awb-border-radius-top-left:0px;--awb-border-radius-top-right:0px;--awb-border-radius-bottom-right:0px;--awb-border-radius-bottom-left:0px;--awb-margin-top:2%;--awb-flex-wrap:wrap;\" ><div class=\"fusion-builder-row fusion-row\"><div class=\"fusion-layout-column fusion_builder_column fusion-builder-column-4 fusion_builder_column_3_4 3_4 fusion-three-fourth fusion-column-first\" style=\"--awb-bg-size:cover;width:75%;width:calc(75% - ( ( 4% ) * 0.75 ) );margin-right: 4%;\"><div class=\"fusion-column-wrapper fusion-column-has-shadow fusion-flex-column-wrapper-legacy\"><div class=\"fusion-title title fusion-title-5 fusion-sep-none fusion-title-text fusion-title-size-two\" style=\"--awb-margin-top-small:0px;--awb-margin-right-small:0px;--awb-margin-bottom-small:20px;--awb-margin-left-small:0px;\"><h2 class=\"fusion-title-heading title-heading-left fusion-responsive-typography-calculated\" style=\"margin:0;--fontSize:35;line-height:1.1;\">What are the causes of peri-implantitis?<\/h2><\/div><div class=\"fusion-text fusion-text-4\"><p>In addition to inadequate oral hygiene, nicotine consumption and diabetes are among the most important causes of peri-implantitis. Other causes include pathological teeth grinding (bruxism), osteoporosis, immunodeficiency, radiation (e.g. as a result of radiotherapy) or a genetic disposition.<\/p>\n<\/div><div class=\"fusion-clearfix\"><\/div><\/div><\/div><\/div><\/div><\/p>\n","protected":false},"excerpt":{"rendered":"","protected":false},"author":1,"featured_media":0,"parent":0,"menu_order":0,"comment_status":"closed","ping_status":"closed","template":"100-width.php","meta":{"footnotes":""},"class_list":["post-2255","page","type-page","status-publish","hentry"],"yoast_head":"<!-- This site is optimized with the Yoast SEO plugin v27.4 - https:\/\/yoast.com\/product\/yoast-seo-wordpress\/ -->\n<title>Peri-implantitis - Implantate retten - Das Service-Portal f\u00fcr Patienten und Zahn\u00e4rzte<\/title>\n<meta name=\"description\" content=\"Dr. Tigges in R\u00f6srath (implantology specialist\/certified) painlessly inserts implants made of titanium and ceramic into the jaw to replace missing teeth.\" \/>\n<meta name=\"robots\" content=\"noindex, nofollow\" \/>\n<meta property=\"og:locale\" content=\"en_US\" \/>\n<meta property=\"og:type\" content=\"article\" \/>\n<meta property=\"og:title\" content=\"Peri-implantitis - Implantate retten - Das Service-Portal f\u00fcr Patienten und Zahn\u00e4rzte\" \/>\n<meta property=\"og:description\" content=\"Dr. Tigges in R\u00f6srath (implantology specialist\/certified) painlessly inserts implants made of titanium and ceramic into the jaw to replace missing teeth.\" \/>\n<meta property=\"og:url\" content=\"https:\/\/www.implantateretten.de\/en\/peri-implantitis\/\" \/>\n<meta property=\"og:site_name\" content=\"Implantate retten - Das Service-Portal f\u00fcr Patienten und Zahn\u00e4rzte\" \/>\n<meta property=\"article:modified_time\" content=\"2024-02-09T02:50:56+00:00\" \/>\n<meta name=\"twitter:card\" content=\"summary_large_image\" \/>\n<meta name=\"twitter:label1\" content=\"Est. reading time\" \/>\n\t<meta name=\"twitter:data1\" content=\"23 minutes\" \/>\n<script type=\"application\/ld+json\" class=\"yoast-schema-graph\">{\"@context\":\"https:\\\/\\\/schema.org\",\"@graph\":[{\"@type\":\"WebPage\",\"@id\":\"https:\\\/\\\/www.implantateretten.de\\\/en\\\/peri-implantitis\\\/\",\"url\":\"https:\\\/\\\/www.implantateretten.de\\\/en\\\/peri-implantitis\\\/\",\"name\":\"Peri-implantitis - Implantate retten - Das Service-Portal f\u00fcr Patienten und Zahn\u00e4rzte\",\"isPartOf\":{\"@id\":\"https:\\\/\\\/www.implantateretten.de\\\/en\\\/#website\"},\"datePublished\":\"2024-01-21T03:52:43+00:00\",\"dateModified\":\"2024-02-09T02:50:56+00:00\",\"description\":\"Dr. Tigges in R\u00f6srath (implantology specialist\\\/certified) painlessly inserts implants made of titanium and ceramic into the jaw to replace missing teeth.\",\"breadcrumb\":{\"@id\":\"https:\\\/\\\/www.implantateretten.de\\\/en\\\/peri-implantitis\\\/#breadcrumb\"},\"inLanguage\":\"en-US\",\"potentialAction\":[{\"@type\":\"ReadAction\",\"target\":[\"https:\\\/\\\/www.implantateretten.de\\\/en\\\/peri-implantitis\\\/\"]}]},{\"@type\":\"BreadcrumbList\",\"@id\":\"https:\\\/\\\/www.implantateretten.de\\\/en\\\/peri-implantitis\\\/#breadcrumb\",\"itemListElement\":[{\"@type\":\"ListItem\",\"position\":1,\"name\":\"Startseite\",\"item\":\"https:\\\/\\\/www.implantateretten.de\\\/en\\\/implant-rescue\\\/\"},{\"@type\":\"ListItem\",\"position\":2,\"name\":\"Peri-implantitis\"}]},{\"@type\":\"WebSite\",\"@id\":\"https:\\\/\\\/www.implantateretten.de\\\/en\\\/#website\",\"url\":\"https:\\\/\\\/www.implantateretten.de\\\/en\\\/\",\"name\":\"Implantate retten - Das Service-Portal f\u00fcr Deutschland\",\"description\":\"\",\"publisher\":{\"@id\":\"https:\\\/\\\/www.implantateretten.de\\\/en\\\/#organization\"},\"potentialAction\":[{\"@type\":\"SearchAction\",\"target\":{\"@type\":\"EntryPoint\",\"urlTemplate\":\"https:\\\/\\\/www.implantateretten.de\\\/en\\\/?s={search_term_string}\"},\"query-input\":{\"@type\":\"PropertyValueSpecification\",\"valueRequired\":true,\"valueName\":\"search_term_string\"}}],\"inLanguage\":\"en-US\"},{\"@type\":\"Organization\",\"@id\":\"https:\\\/\\\/www.implantateretten.de\\\/en\\\/#organization\",\"name\":\"Implantate retten - Das Service-Portal f\u00fcr Deutschland\",\"url\":\"https:\\\/\\\/www.implantateretten.de\\\/en\\\/\",\"logo\":{\"@type\":\"ImageObject\",\"inLanguage\":\"en-US\",\"@id\":\"https:\\\/\\\/www.implantateretten.de\\\/en\\\/#\\\/schema\\\/logo\\\/image\\\/\",\"url\":\"https:\\\/\\\/www.implantateretten.de\\\/wp-content\\\/uploads\\\/2023\\\/12\\\/implantate-retten-logo2x.png\",\"contentUrl\":\"https:\\\/\\\/www.implantateretten.de\\\/wp-content\\\/uploads\\\/2023\\\/12\\\/implantate-retten-logo2x.png\",\"width\":525,\"height\":150,\"caption\":\"Implantate retten - Das Service-Portal f\u00fcr Deutschland\"},\"image\":{\"@id\":\"https:\\\/\\\/www.implantateretten.de\\\/en\\\/#\\\/schema\\\/logo\\\/image\\\/\"}}]}<\/script>\n<!-- \/ Yoast SEO plugin. -->","yoast_head_json":{"title":"Peri-implantitis - Implantate retten - Das Service-Portal f\u00fcr Patienten und Zahn\u00e4rzte","description":"Dr. Tigges in R\u00f6srath (implantology specialist\/certified) painlessly inserts implants made of titanium and ceramic into the jaw to replace missing teeth.","robots":{"index":"noindex","follow":"nofollow"},"og_locale":"en_US","og_type":"article","og_title":"Peri-implantitis - Implantate retten - Das Service-Portal f\u00fcr Patienten und Zahn\u00e4rzte","og_description":"Dr. Tigges in R\u00f6srath (implantology specialist\/certified) painlessly inserts implants made of titanium and ceramic into the jaw to replace missing teeth.","og_url":"https:\/\/www.implantateretten.de\/en\/peri-implantitis\/","og_site_name":"Implantate retten - Das Service-Portal f\u00fcr Patienten und Zahn\u00e4rzte","article_modified_time":"2024-02-09T02:50:56+00:00","twitter_card":"summary_large_image","twitter_misc":{"Est. reading time":"23 minutes"},"schema":{"@context":"https:\/\/schema.org","@graph":[{"@type":"WebPage","@id":"https:\/\/www.implantateretten.de\/en\/peri-implantitis\/","url":"https:\/\/www.implantateretten.de\/en\/peri-implantitis\/","name":"Peri-implantitis - Implantate retten - Das Service-Portal f\u00fcr Patienten und Zahn\u00e4rzte","isPartOf":{"@id":"https:\/\/www.implantateretten.de\/en\/#website"},"datePublished":"2024-01-21T03:52:43+00:00","dateModified":"2024-02-09T02:50:56+00:00","description":"Dr. Tigges in R\u00f6srath (implantology specialist\/certified) painlessly inserts implants made of titanium and ceramic into the jaw to replace missing teeth.","breadcrumb":{"@id":"https:\/\/www.implantateretten.de\/en\/peri-implantitis\/#breadcrumb"},"inLanguage":"en-US","potentialAction":[{"@type":"ReadAction","target":["https:\/\/www.implantateretten.de\/en\/peri-implantitis\/"]}]},{"@type":"BreadcrumbList","@id":"https:\/\/www.implantateretten.de\/en\/peri-implantitis\/#breadcrumb","itemListElement":[{"@type":"ListItem","position":1,"name":"Startseite","item":"https:\/\/www.implantateretten.de\/en\/implant-rescue\/"},{"@type":"ListItem","position":2,"name":"Peri-implantitis"}]},{"@type":"WebSite","@id":"https:\/\/www.implantateretten.de\/en\/#website","url":"https:\/\/www.implantateretten.de\/en\/","name":"Implantate retten - Das Service-Portal f\u00fcr Deutschland","description":"","publisher":{"@id":"https:\/\/www.implantateretten.de\/en\/#organization"},"potentialAction":[{"@type":"SearchAction","target":{"@type":"EntryPoint","urlTemplate":"https:\/\/www.implantateretten.de\/en\/?s={search_term_string}"},"query-input":{"@type":"PropertyValueSpecification","valueRequired":true,"valueName":"search_term_string"}}],"inLanguage":"en-US"},{"@type":"Organization","@id":"https:\/\/www.implantateretten.de\/en\/#organization","name":"Implantate retten - Das Service-Portal f\u00fcr Deutschland","url":"https:\/\/www.implantateretten.de\/en\/","logo":{"@type":"ImageObject","inLanguage":"en-US","@id":"https:\/\/www.implantateretten.de\/en\/#\/schema\/logo\/image\/","url":"https:\/\/www.implantateretten.de\/wp-content\/uploads\/2023\/12\/implantate-retten-logo2x.png","contentUrl":"https:\/\/www.implantateretten.de\/wp-content\/uploads\/2023\/12\/implantate-retten-logo2x.png","width":525,"height":150,"caption":"Implantate retten - Das Service-Portal f\u00fcr Deutschland"},"image":{"@id":"https:\/\/www.implantateretten.de\/en\/#\/schema\/logo\/image\/"}}]}},"_links":{"self":[{"href":"https:\/\/www.implantateretten.de\/en\/wp-json\/wp\/v2\/pages\/2255","targetHints":{"allow":["GET"]}}],"collection":[{"href":"https:\/\/www.implantateretten.de\/en\/wp-json\/wp\/v2\/pages"}],"about":[{"href":"https:\/\/www.implantateretten.de\/en\/wp-json\/wp\/v2\/types\/page"}],"author":[{"embeddable":true,"href":"https:\/\/www.implantateretten.de\/en\/wp-json\/wp\/v2\/users\/1"}],"replies":[{"embeddable":true,"href":"https:\/\/www.implantateretten.de\/en\/wp-json\/wp\/v2\/comments?post=2255"}],"version-history":[{"count":2,"href":"https:\/\/www.implantateretten.de\/en\/wp-json\/wp\/v2\/pages\/2255\/revisions"}],"predecessor-version":[{"id":2257,"href":"https:\/\/www.implantateretten.de\/en\/wp-json\/wp\/v2\/pages\/2255\/revisions\/2257"}],"wp:attachment":[{"href":"https:\/\/www.implantateretten.de\/en\/wp-json\/wp\/v2\/media?parent=2255"}],"curies":[{"name":"wp","href":"https:\/\/api.w.org\/{rel}","templated":true}]}}